{"id":1781,"date":"2024-01-07T07:30:54","date_gmt":"2024-01-07T06:30:54","guid":{"rendered":"https:\/\/marienmorata.es\/?page_id=1781"},"modified":"2025-11-05T13:08:54","modified_gmt":"2025-11-05T12:08:54","slug":"the-clinic","status":"publish","type":"page","link":"https:\/\/marienmorata.es\/en\/the-clinic\/","title":{"rendered":"The Clinic"},"content":{"rendered":"[vc_row type=&#8221;full_width_content&#8221; full_screen_row_position=&#8221;middle&#8221; column_margin=&#8221;default&#8221; equal_height=&#8221;yes&#8221; content_placement=&#8221;middle&#8221; column_direction=&#8221;default&#8221; column_direction_tablet=&#8221;default&#8221; column_direction_phone=&#8221;default&#8221; bg_color=&#8221;#efefef&#8221; scene_position=&#8221;center&#8221; left_padding_desktop=&#8221;6%&#8221; right_padding_tablet=&#8221;6%&#8221; top_padding_phone=&#8221;6%&#8221; bottom_padding_phone=&#8221;6%&#8221; text_color=&#8221;dark&#8221; text_align=&#8221;left&#8221; row_border_radius=&#8221;none&#8221; row_border_radius_applies=&#8221;bg&#8221; overflow=&#8221;visible&#8221; advanced_gradient_angle=&#8221;0&#8243; overlay_strength=&#8221;0.3&#8243; gradient_direction=&#8221;left_to_right&#8221; shape_divider_position=&#8221;bottom&#8221; bg_image_animation=&#8221;none&#8221; shape_type=&#8221;&#8221; gradient_type=&#8221;default&#8221;][vc_column column_padding=&#8221;no-extra-padding&#8221; column_padding_tablet=&#8221;inherit&#8221; column_padding_phone=&#8221;inherit&#8221; column_padding_position=&#8221;all&#8221; left_margin=&#8221;6%&#8221; left_margin_tablet=&#8221;0&#8243; left_margin_phone=&#8221;0&#8243; column_element_direction_desktop=&#8221;default&#8221; column_element_spacing=&#8221;default&#8221; desktop_text_alignment=&#8221;default&#8221; tablet_text_alignment=&#8221;default&#8221; phone_text_alignment=&#8221;default&#8221; background_color_opacity=&#8221;1&#8243; background_hover_color_opacity=&#8221;1&#8243; column_backdrop_filter=&#8221;none&#8221; column_shadow=&#8221;none&#8221; column_border_radius=&#8221;none&#8221; column_link_target=&#8221;_self&#8221; column_position=&#8221;default&#8221; advanced_gradient_angle=&#8221;0&#8243; gradient_direction=&#8221;left_to_right&#8221; overlay_strength=&#8221;0.3&#8243; width=&#8221;1\/1&#8243; tablet_width_inherit=&#8221;default&#8221; animation_type=&#8221;default&#8221; bg_image_animation=&#8221;none&#8221; border_type=&#8221;simple&#8221; column_border_width=&#8221;none&#8221; column_border_style=&#8221;solid&#8221; gradient_type=&#8221;default&#8221; column_padding_type=&#8221;default&#8221;][vc_row_inner equal_height=&#8221;yes&#8221; content_placement=&#8221;middle&#8221; column_margin=&#8221;default&#8221; column_direction=&#8221;default&#8221; column_direction_tablet=&#8221;default&#8221; column_direction_phone=&#8221;default&#8221; text_align=&#8221;left&#8221; row_position=&#8221;default&#8221; row_position_tablet=&#8221;inherit&#8221; row_position_phone=&#8221;inherit&#8221; overflow=&#8221;visible&#8221; pointer_events=&#8221;all&#8221;][vc_column_inner top_padding_desktop=&#8221;15%&#8221; constrain_group_100=&#8221;yes&#8221; bottom_padding_desktop=&#8221;15%&#8221; right_padding_desktop=&#8221;15%&#8221; right_padding_tablet=&#8221;0&#8243; right_padding_phone=&#8221;0&#8243; column_element_direction_desktop=&#8221;default&#8221; column_element_spacing=&#8221;default&#8221; desktop_text_alignment=&#8221;default&#8221; tablet_text_alignment=&#8221;default&#8221; phone_text_alignment=&#8221;default&#8221; background_color_opacity=&#8221;1&#8243; background_hover_color_opacity=&#8221;1&#8243; column_backdrop_filter=&#8221;none&#8221; column_shadow=&#8221;none&#8221; column_border_radius=&#8221;none&#8221; column_link_target=&#8221;_self&#8221; overflow=&#8221;visible&#8221; advanced_gradient_angle=&#8221;0&#8243; gradient_direction=&#8221;left_to_right&#8221; overlay_strength=&#8221;0.3&#8243; width=&#8221;1\/2&#8243; tablet_width_inherit=&#8221;default&#8221; animation_type=&#8221;default&#8221; bg_image_animation=&#8221;none&#8221; border_type=&#8221;simple&#8221; column_border_width=&#8221;none&#8221; column_border_style=&#8221;solid&#8221; gradient_type=&#8221;default&#8221; column_padding_type=&#8221;advanced&#8221;][split_line_heading animation_type=&#8221;line-reveal-by-space&#8221; font_style=&#8221;h1&#8243; text_color=&#8221;#4f685e&#8221; line_reveal_by_space_text_effect=&#8221;default&#8221; stagger_animation=&#8221;true&#8221; content_alignment=&#8221;default&#8221; mobile_content_alignment=&#8221;inherit&#8221; link_target=&#8221;_self&#8221; text_content=&#8221;Our place&#8221;][\/split_line_heading][vc_column_text]At Cl\u00ednica Dental Marien Morata, our philosophy goes beyond simply offering dental services; <strong>we strive to create an experience that combines medical excellence with a modern and welcoming environment<\/strong>. Our space has been meticulously designed to reflect our vision of contemporary dental care, where comfort and innovation come together in perfect harmony.<\/p>\n<p>From the moment you enter our clinic, you\u2019ll be welcomed by a warm and relaxing atmosphere that invites you to feel at home. Our facilities, with a modern and elegant design, are equipped with the latest dental technology, ensuring that each visit is a truly exceptional experience.<\/p>\n<div style=\"color: black; text-align: center; line-height: 0,1px;\"><span style=\"font-size: 00px;\"><br \/>\ndentist valencia, dental clinic valencia, dentists in valencia, best dentist, marien morata dentist, marien morata dental clinic, orthopedic dentistry, aesthetic dental clinic, dental clinics valencia, cheap dentist valencia, dental treatment valencia, dental implants, affordable dental implants, dental implantology, stomatologist valencia<br \/>\n<\/span><\/div>\n[\/vc_column_text][\/vc_column_inner][vc_column_inner top_padding_desktop=&#8221;5%&#8221; constrain_group_100=&#8221;yes&#8221; bottom_padding_desktop=&#8221;5%&#8221; left_padding_desktop=&#8221;5%&#8221; constrain_group_101=&#8221;yes&#8221; right_padding_desktop=&#8221;5%&#8221; top_padding_tablet=&#8221;0&#8243; bottom_padding_tablet=&#8221;15%&#8221; column_element_direction_desktop=&#8221;default&#8221; column_element_spacing=&#8221;default&#8221; desktop_text_alignment=&#8221;default&#8221; tablet_text_alignment=&#8221;default&#8221; phone_text_alignment=&#8221;default&#8221; background_color_opacity=&#8221;1&#8243; background_hover_color_opacity=&#8221;1&#8243; column_backdrop_filter=&#8221;none&#8221; column_shadow=&#8221;none&#8221; column_border_radius=&#8221;none&#8221; column_link_target=&#8221;_self&#8221; overflow=&#8221;visible&#8221; gradient_direction=&#8221;left_to_right&#8221; overlay_strength=&#8221;0.3&#8243; width=&#8221;1\/2&#8243; tablet_width_inherit=&#8221;default&#8221; animation_type=&#8221;default&#8221; bg_image_animation=&#8221;none&#8221; border_type=&#8221;simple&#8221; column_border_width=&#8221;none&#8221; column_border_style=&#8221;solid&#8221; column_padding_type=&#8221;advanced&#8221; gradient_type=&#8221;default&#8221;][image_with_animation image_url=&#8221;466&#8243; image_size=&#8221;full&#8221; animation_type=&#8221;entrance&#8221; animation=&#8221;None&#8221; animation_movement_type=&#8221;transform_y&#8221; hover_animation=&#8221;none&#8221; alignment=&#8221;&#8221; border_radius=&#8221;none&#8221; box_shadow=&#8221;none&#8221; image_loading=&#8221;default&#8221; max_width=&#8221;100%&#8221; max_width_mobile=&#8221;default&#8221;][\/vc_column_inner][\/vc_row_inner][\/vc_column][\/vc_row][vc_row type=&#8221;full_width_content&#8221; full_screen_row_position=&#8221;middle&#8221; column_margin=&#8221;default&#8221; column_direction=&#8221;default&#8221; column_direction_tablet=&#8221;default&#8221; column_direction_phone=&#8221;default&#8221; scene_position=&#8221;center&#8221; top_padding=&#8221;6%&#8221; bottom_padding=&#8221;6%&#8221; left_padding_desktop=&#8221;8%&#8221; right_padding_desktop=&#8221;8%&#8221; top_padding_tablet=&#8221;10%&#8221; bottom_padding_tablet=&#8221;15%&#8221; left_padding_tablet=&#8221;8%&#8221; text_color=&#8221;dark&#8221; text_align=&#8221;left&#8221; row_border_radius=&#8221;none&#8221; row_border_radius_applies=&#8221;bg&#8221; overflow=&#8221;hidden&#8221; advanced_gradient_angle=&#8221;0&#8243; overlay_strength=&#8221;0.3&#8243; gradient_direction=&#8221;left_to_right&#8221; shape_divider_color=&#8221;#000000&#8243; shape_divider_position=&#8221;top&#8221; bg_image_animation=&#8221;none&#8221; shape_type=&#8221;straight_section&#8221; gradient_type=&#8221;default&#8221;][vc_column column_padding=&#8221;no-extra-padding&#8221; column_padding_tablet=&#8221;inherit&#8221; column_padding_phone=&#8221;inherit&#8221; column_padding_position=&#8221;all&#8221; column_element_direction_desktop=&#8221;default&#8221; column_element_spacing=&#8221;0px&#8221; desktop_text_alignment=&#8221;default&#8221; tablet_text_alignment=&#8221;default&#8221; phone_text_alignment=&#8221;default&#8221; background_color_opacity=&#8221;1&#8243; background_hover_color_opacity=&#8221;1&#8243; column_backdrop_filter=&#8221;none&#8221; column_shadow=&#8221;none&#8221; column_border_radius=&#8221;none&#8221; column_link_target=&#8221;_self&#8221; column_position=&#8221;default&#8221; gradient_direction=&#8221;left_to_right&#8221; overlay_strength=&#8221;0.3&#8243; width=&#8221;1\/1&#8243; tablet_width_inherit=&#8221;default&#8221; animation_type=&#8221;default&#8221; bg_image_animation=&#8221;none&#8221; border_type=&#8221;simple&#8221; column_border_width=&#8221;none&#8221; column_border_style=&#8221;solid&#8221;][carousel script=&#8221;flickity&#8221; flickity_formatting=&#8221;default&#8221; desktop_cols_flickity=&#8221;4&#8243; desktop_small_cols_flickity=&#8221;3&#8243; tablet_cols_flickity=&#8221;2&#8243; phone_cols_flickity=&#8221;1&#8243; flickity_controls=&#8221;touch_total&#8221; flickity_touch_total_style=&#8221;solid_bg&#8221; flickity_touch_total_indicator_bg_color=&#8221;#4f685e&#8221; flickity_touch_total_indicator_icon_color=&#8221;#ffffff&#8221; flickity_touch_total_hide_indicator=&#8221;true&#8221; color=&#8221;default&#8221; flickity_overflow=&#8221;visible&#8221; flickity_wrap_around=&#8221;no-wrap&#8221; flickity_spacing=&#8221;15px&#8221; flickity_column_vertical_alignment=&#8221;default&#8221; column_padding=&#8221;0&#8243; flickity_element_spacing=&#8221;0&#8243; flickity_image_scale_on_drag=&#8221;true&#8221; border_radius=&#8221;none&#8221; autorotate=&#8221;true&#8221; autorotate_type=&#8221;ticker&#8221; ticker_speed=&#8221;medium&#8221;][item simple_slider_bg_image_position=&#8221;default&#8221; simple_slider_overlay_strength=&#8221;0.3&#8243; simple_slider_bg_image_loading=&#8221;default&#8221; id=&#8221;1762344509258-2&#8243; title=&#8221;Item&#8221; tab_id=&#8221;1762344509259-0&#8243;][fancy_box box_style=&#8221;image_above_text_underline&#8221; image_url=&#8221;83&#8243; image_aspect_ratio=&#8221;1-1&#8243; content_color=&#8221;#000000&#8243; border_radius=&#8221;default&#8221; image_loading=&#8221;default&#8221; enable_animation=&#8221;true&#8221; animation=&#8221;fade-in-from-right&#8221; image_size=&#8221;large&#8221;][\/fancy_box][\/item][item simple_slider_bg_image_position=&#8221;default&#8221; simple_slider_overlay_strength=&#8221;0.3&#8243; simple_slider_bg_image_loading=&#8221;default&#8221; id=&#8221;1762344509281-6&#8243; title=&#8221;Item&#8221; tab_id=&#8221;1762344509281-1&#8243;][fancy_box box_style=&#8221;image_above_text_underline&#8221; image_url=&#8221;2261&#8243; image_aspect_ratio=&#8221;1-1&#8243; content_color=&#8221;#000000&#8243; border_radius=&#8221;default&#8221; image_loading=&#8221;default&#8221; enable_animation=&#8221;true&#8221; animation=&#8221;fade-in-from-right&#8221; image_size=&#8221;large&#8221;][\/fancy_box][\/item][item simple_slider_bg_image_position=&#8221;default&#8221; simple_slider_overlay_strength=&#8221;0.3&#8243; simple_slider_bg_image_loading=&#8221;default&#8221; id=&#8221;1762344509288-3&#8243; title=&#8221;Item&#8221; tab_id=&#8221;1762344509289-6&#8243;][fancy_box box_style=&#8221;image_above_text_underline&#8221; image_url=&#8221;533&#8243; image_aspect_ratio=&#8221;1-1&#8243; content_color=&#8221;#000000&#8243; border_radius=&#8221;default&#8221; image_loading=&#8221;default&#8221; enable_animation=&#8221;true&#8221; animation=&#8221;fade-in-from-right&#8221; image_size=&#8221;large&#8221;][\/fancy_box][\/item][item simple_slider_bg_image_position=&#8221;default&#8221; simple_slider_overlay_strength=&#8221;0.3&#8243; simple_slider_bg_image_loading=&#8221;default&#8221; id=&#8221;1762344509299-10&#8243; title=&#8221;Item&#8221; tab_id=&#8221;1762344509299-0&#8243;][fancy_box box_style=&#8221;image_above_text_underline&#8221; image_url=&#8221;534&#8243; image_aspect_ratio=&#8221;1-1&#8243; content_color=&#8221;#000000&#8243; border_radius=&#8221;default&#8221; image_loading=&#8221;default&#8221; enable_animation=&#8221;true&#8221; animation=&#8221;fade-in-from-right&#8221; image_size=&#8221;large&#8221;][\/fancy_box][\/item][item simple_slider_bg_image_position=&#8221;default&#8221; simple_slider_overlay_strength=&#8221;0.3&#8243; simple_slider_bg_image_loading=&#8221;default&#8221; id=&#8221;1762344509308-7&#8243; title=&#8221;Item&#8221; tab_id=&#8221;1762344509309-0&#8243;][fancy_box box_style=&#8221;image_above_text_underline&#8221; image_url=&#8221;414&#8243; image_aspect_ratio=&#8221;1-1&#8243; content_color=&#8221;#000000&#8243; border_radius=&#8221;default&#8221; image_loading=&#8221;default&#8221; enable_animation=&#8221;true&#8221; animation=&#8221;fade-in-from-right&#8221; image_size=&#8221;large&#8221;][\/fancy_box][\/item][item simple_slider_bg_image_position=&#8221;default&#8221; simple_slider_overlay_strength=&#8221;0.3&#8243; simple_slider_bg_image_loading=&#8221;default&#8221; id=&#8221;1762344509318-8&#8243; title=&#8221;Item&#8221; tab_id=&#8221;1762344509318-7&#8243;][fancy_box box_style=&#8221;image_above_text_underline&#8221; image_url=&#8221;528&#8243; image_aspect_ratio=&#8221;1-1&#8243; content_color=&#8221;#000000&#8243; border_radius=&#8221;default&#8221; image_loading=&#8221;default&#8221; enable_animation=&#8221;true&#8221; animation=&#8221;fade-in-from-right&#8221; image_size=&#8221;large&#8221;][\/fancy_box][\/item][item simple_slider_bg_image_position=&#8221;default&#8221; simple_slider_overlay_strength=&#8221;0.3&#8243; simple_slider_bg_image_loading=&#8221;default&#8221; id=&#8221;1762344509329-6&#8243; title=&#8221;Item&#8221; tab_id=&#8221;1762344509329-6&#8243;][fancy_box box_style=&#8221;image_above_text_underline&#8221; image_url=&#8221;527&#8243; image_aspect_ratio=&#8221;1-1&#8243; content_color=&#8221;#000000&#8243; border_radius=&#8221;default&#8221; image_loading=&#8221;default&#8221; enable_animation=&#8221;true&#8221; animation=&#8221;fade-in-from-right&#8221; image_size=&#8221;large&#8221;][\/fancy_box][\/item][item simple_slider_bg_image_position=&#8221;default&#8221; simple_slider_overlay_strength=&#8221;0.3&#8243; simple_slider_bg_image_loading=&#8221;default&#8221; id=&#8221;1762344509336-4&#8243; title=&#8221;Item&#8221; tab_id=&#8221;1762344509336-3&#8243;][fancy_box box_style=&#8221;image_above_text_underline&#8221; image_url=&#8221;627&#8243; image_aspect_ratio=&#8221;1-1&#8243; content_color=&#8221;#000000&#8243; border_radius=&#8221;default&#8221; image_loading=&#8221;default&#8221; enable_animation=&#8221;true&#8221; animation=&#8221;fade-in-from-right&#8221; image_size=&#8221;large&#8221;][\/fancy_box][\/item][item simple_slider_bg_image_position=&#8221;default&#8221; simple_slider_overlay_strength=&#8221;0.3&#8243; simple_slider_bg_image_loading=&#8221;default&#8221; id=&#8221;1762344509343-5&#8243; title=&#8221;Item&#8221; tab_id=&#8221;1762344509343-3&#8243;][fancy_box box_style=&#8221;image_above_text_underline&#8221; image_url=&#8221;529&#8243; image_aspect_ratio=&#8221;1-1&#8243; content_color=&#8221;#000000&#8243; border_radius=&#8221;default&#8221; image_loading=&#8221;default&#8221; enable_animation=&#8221;true&#8221; animation=&#8221;fade-in-from-right&#8221; image_size=&#8221;large&#8221;][\/fancy_box][\/item][item simple_slider_bg_image_position=&#8221;default&#8221; simple_slider_overlay_strength=&#8221;0.3&#8243; simple_slider_bg_image_loading=&#8221;default&#8221; id=&#8221;1762344509350-10&#8243; title=&#8221;Item&#8221; tab_id=&#8221;1762344509351-4&#8243;][fancy_box box_style=&#8221;image_above_text_underline&#8221; image_url=&#8221;517&#8243; image_aspect_ratio=&#8221;1-1&#8243; content_color=&#8221;#000000&#8243; border_radius=&#8221;default&#8221; image_loading=&#8221;default&#8221; enable_animation=&#8221;true&#8221; animation=&#8221;fade-in-from-right&#8221; image_size=&#8221;large&#8221;][\/fancy_box][\/item][item simple_slider_bg_image_position=&#8221;default&#8221; simple_slider_overlay_strength=&#8221;0.3&#8243; simple_slider_bg_image_loading=&#8221;default&#8221; id=&#8221;1762344509362-4&#8243; title=&#8221;Item&#8221; tab_id=&#8221;1762344509362-9&#8243;][fancy_box box_style=&#8221;image_above_text_underline&#8221; image_url=&#8221;2267&#8243; image_aspect_ratio=&#8221;1-1&#8243; content_color=&#8221;#000000&#8243; border_radius=&#8221;default&#8221; image_loading=&#8221;default&#8221; enable_animation=&#8221;true&#8221; animation=&#8221;fade-in-from-right&#8221; image_size=&#8221;large&#8221;][\/fancy_box][\/item][item simple_slider_bg_image_position=&#8221;default&#8221; simple_slider_overlay_strength=&#8221;0.3&#8243; simple_slider_bg_image_loading=&#8221;default&#8221; id=&#8221;1762344509369-1&#8243; title=&#8221;Item&#8221; tab_id=&#8221;1762344509369-10&#8243;][fancy_box box_style=&#8221;image_above_text_underline&#8221; image_url=&#8221;503&#8243; image_aspect_ratio=&#8221;1-1&#8243; content_color=&#8221;#000000&#8243; border_radius=&#8221;default&#8221; image_loading=&#8221;default&#8221; enable_animation=&#8221;true&#8221; animation=&#8221;fade-in-from-right&#8221; image_size=&#8221;large&#8221;][\/fancy_box][\/item][item simple_slider_bg_image_position=&#8221;default&#8221; simple_slider_overlay_strength=&#8221;0.3&#8243; simple_slider_bg_image_loading=&#8221;default&#8221; id=&#8221;1762344509381-6&#8243; title=&#8221;Item&#8221; tab_id=&#8221;1762344509382-8&#8243;][fancy_box box_style=&#8221;image_above_text_underline&#8221; image_url=&#8221;530&#8243; image_aspect_ratio=&#8221;1-1&#8243; content_color=&#8221;#000000&#8243; border_radius=&#8221;default&#8221; image_loading=&#8221;default&#8221; enable_animation=&#8221;true&#8221; animation=&#8221;fade-in-from-right&#8221; image_size=&#8221;large&#8221;][\/fancy_box][\/item][\/carousel][\/vc_column][\/vc_row]\n","protected":false},"excerpt":{"rendered":"<p>[vc_row type=&#8221;full_width_content&#8221; full_screen_row_position=&#8221;middle&#8221; column_margin=&#8221;default&#8221; equal_height=&#8221;yes&#8221; content_placement=&#8221;middle&#8221; column_direction=&#8221;default&#8221; column_direction_tablet=&#8221;default&#8221; column_direction_phone=&#8221;default&#8221; bg_color=&#8221;#efefef&#8221; scene_position=&#8221;center&#8221; left_padding_desktop=&#8221;6%&#8221; right_padding_tablet=&#8221;6%&#8221; top_padding_phone=&#8221;6%&#8221; bottom_padding_phone=&#8221;6%&#8221; text_color=&#8221;dark&#8221; text_align=&#8221;left&#8221; row_border_radius=&#8221;none&#8221; row_border_radius_applies=&#8221;bg&#8221; overflow=&#8221;visible&#8221; advanced_gradient_angle=&#8221;0&#8243; overlay_strength=&#8221;0.3&#8243; gradient_direction=&#8221;left_to_right&#8221; shape_divider_position=&#8221;bottom&#8221; bg_image_animation=&#8221;none&#8221; shape_type=&#8221;&#8221; gradient_type=&#8221;default&#8221;][vc_column column_padding=&#8221;no-extra-padding&#8221; column_padding_tablet=&#8221;inherit&#8221; column_padding_phone=&#8221;inherit&#8221;&#8230;<\/p>\n","protected":false},"author":1,"featured_media":0,"parent":0,"menu_order":0,"comment_status":"closed","ping_status":"closed","template":"","meta":{"_joinchat":[],"footnotes":""},"class_list":["post-1781","page","type-page","status-publish"],"yoast_head":"<!-- This site is optimized with the Yoast SEO plugin v24.8.1 - https:\/\/yoast.com\/wordpress\/plugins\/seo\/ -->\n<title>The Clinic - Dentista Valencia Marien Morata Roig<\/title>\n<meta name=\"robots\" content=\"index, follow, max-snippet:-1, max-image-preview:large, max-video-preview:-1\" \/>\n<link rel=\"canonical\" href=\"https:\/\/marienmorata.es\/en\/the-clinic\/\" \/>\n<meta property=\"og:locale\" content=\"en_US\" \/>\n<meta property=\"og:type\" content=\"article\" \/>\n<meta property=\"og:title\" content=\"The Clinic - Dentista Valencia Marien Morata Roig\" \/>\n<meta property=\"og:description\" content=\"[vc_row type=&#8221;full_width_content&#8221; full_screen_row_position=&#8221;middle&#8221; column_margin=&#8221;default&#8221; equal_height=&#8221;yes&#8221; content_placement=&#8221;middle&#8221; column_direction=&#8221;default&#8221; column_direction_tablet=&#8221;default&#8221; column_direction_phone=&#8221;default&#8221; bg_color=&#8221;#efefef&#8221; scene_position=&#8221;center&#8221; left_padding_desktop=&#8221;6%&#8221; right_padding_tablet=&#8221;6%&#8221; top_padding_phone=&#8221;6%&#8221; bottom_padding_phone=&#8221;6%&#8221; text_color=&#8221;dark&#8221; text_align=&#8221;left&#8221; row_border_radius=&#8221;none&#8221; row_border_radius_applies=&#8221;bg&#8221; overflow=&#8221;visible&#8221; advanced_gradient_angle=&#8221;0&#8243; overlay_strength=&#8221;0.3&#8243; gradient_direction=&#8221;left_to_right&#8221; shape_divider_position=&#8221;bottom&#8221; bg_image_animation=&#8221;none&#8221; shape_type=&#8221;&#8221; gradient_type=&#8221;default&#8221;][vc_column column_padding=&#8221;no-extra-padding&#8221; column_padding_tablet=&#8221;inherit&#8221; column_padding_phone=&#8221;inherit&#8221;...\" \/>\n<meta property=\"og:url\" content=\"https:\/\/marienmorata.es\/en\/the-clinic\/\" \/>\n<meta property=\"og:site_name\" content=\"Dentista Valencia Marien Morata Roig\" \/>\n<meta property=\"article:modified_time\" content=\"2025-11-05T12:08:54+00:00\" \/>\n<meta name=\"twitter:card\" content=\"summary_large_image\" \/>\n<meta name=\"twitter:label1\" content=\"Est. reading time\" \/>\n\t<meta name=\"twitter:data1\" content=\"6 minutes\" \/>\n<script type=\"application\/ld+json\" class=\"yoast-schema-graph\">{\"@context\":\"https:\/\/schema.org\",\"@graph\":[{\"@type\":\"WebPage\",\"@id\":\"https:\/\/marienmorata.es\/en\/the-clinic\/\",\"url\":\"https:\/\/marienmorata.es\/en\/the-clinic\/\",\"name\":\"The Clinic - Dentista Valencia Marien Morata Roig\",\"isPartOf\":{\"@id\":\"https:\/\/marienmorata.es\/#website\"},\"datePublished\":\"2024-01-07T06:30:54+00:00\",\"dateModified\":\"2025-11-05T12:08:54+00:00\",\"inLanguage\":\"en-US\",\"potentialAction\":[{\"@type\":\"ReadAction\",\"target\":[\"https:\/\/marienmorata.es\/en\/the-clinic\/\"]}]},{\"@type\":\"WebSite\",\"@id\":\"https:\/\/marienmorata.es\/#website\",\"url\":\"https:\/\/marienmorata.es\/\",\"name\":\"Dentista Valencia Marien Morata Roig\",\"description\":\"Cl\u00ednica dental en Valencia. Odontolog\u00eda Est\u00e9tica\",\"potentialAction\":[{\"@type\":\"SearchAction\",\"target\":{\"@type\":\"EntryPoint\",\"urlTemplate\":\"https:\/\/marienmorata.es\/?s={search_term_string}\"},\"query-input\":{\"@type\":\"PropertyValueSpecification\",\"valueRequired\":true,\"valueName\":\"search_term_string\"}}],\"inLanguage\":\"en-US\"}]}<\/script>\n<!-- \/ Yoast SEO plugin. -->","yoast_head_json":{"title":"The Clinic - Dentista Valencia Marien Morata Roig","robots":{"index":"index","follow":"follow","max-snippet":"max-snippet:-1","max-image-preview":"max-image-preview:large","max-video-preview":"max-video-preview:-1"},"canonical":"https:\/\/marienmorata.es\/en\/the-clinic\/","og_locale":"en_US","og_type":"article","og_title":"The Clinic - Dentista Valencia Marien Morata Roig","og_description":"[vc_row type=&#8221;full_width_content&#8221; full_screen_row_position=&#8221;middle&#8221; column_margin=&#8221;default&#8221; equal_height=&#8221;yes&#8221; content_placement=&#8221;middle&#8221; column_direction=&#8221;default&#8221; column_direction_tablet=&#8221;default&#8221; column_direction_phone=&#8221;default&#8221; bg_color=&#8221;#efefef&#8221; scene_position=&#8221;center&#8221; left_padding_desktop=&#8221;6%&#8221; right_padding_tablet=&#8221;6%&#8221; top_padding_phone=&#8221;6%&#8221; bottom_padding_phone=&#8221;6%&#8221; text_color=&#8221;dark&#8221; text_align=&#8221;left&#8221; row_border_radius=&#8221;none&#8221; row_border_radius_applies=&#8221;bg&#8221; overflow=&#8221;visible&#8221; advanced_gradient_angle=&#8221;0&#8243; overlay_strength=&#8221;0.3&#8243; gradient_direction=&#8221;left_to_right&#8221; shape_divider_position=&#8221;bottom&#8221; bg_image_animation=&#8221;none&#8221; shape_type=&#8221;&#8221; gradient_type=&#8221;default&#8221;][vc_column column_padding=&#8221;no-extra-padding&#8221; column_padding_tablet=&#8221;inherit&#8221; column_padding_phone=&#8221;inherit&#8221;...","og_url":"https:\/\/marienmorata.es\/en\/the-clinic\/","og_site_name":"Dentista Valencia Marien Morata Roig","article_modified_time":"2025-11-05T12:08:54+00:00","twitter_card":"summary_large_image","twitter_misc":{"Est. reading time":"6 minutes"},"schema":{"@context":"https:\/\/schema.org","@graph":[{"@type":"WebPage","@id":"https:\/\/marienmorata.es\/en\/the-clinic\/","url":"https:\/\/marienmorata.es\/en\/the-clinic\/","name":"The Clinic - Dentista Valencia Marien Morata Roig","isPartOf":{"@id":"https:\/\/marienmorata.es\/#website"},"datePublished":"2024-01-07T06:30:54+00:00","dateModified":"2025-11-05T12:08:54+00:00","inLanguage":"en-US","potentialAction":[{"@type":"ReadAction","target":["https:\/\/marienmorata.es\/en\/the-clinic\/"]}]},{"@type":"WebSite","@id":"https:\/\/marienmorata.es\/#website","url":"https:\/\/marienmorata.es\/","name":"Dentista Valencia Marien Morata Roig","description":"Cl\u00ednica dental en Valencia. Odontolog\u00eda Est\u00e9tica","potentialAction":[{"@type":"SearchAction","target":{"@type":"EntryPoint","urlTemplate":"https:\/\/marienmorata.es\/?s={search_term_string}"},"query-input":{"@type":"PropertyValueSpecification","valueRequired":true,"valueName":"search_term_string"}}],"inLanguage":"en-US"}]}},"_links":{"self":[{"href":"https:\/\/marienmorata.es\/en\/wp-json\/wp\/v2\/pages\/1781","targetHints":{"allow":["GET"]}}],"collection":[{"href":"https:\/\/marienmorata.es\/en\/wp-json\/wp\/v2\/pages"}],"about":[{"href":"https:\/\/marienmorata.es\/en\/wp-json\/wp\/v2\/types\/page"}],"author":[{"embeddable":true,"href":"https:\/\/marienmorata.es\/en\/wp-json\/wp\/v2\/users\/1"}],"replies":[{"embeddable":true,"href":"https:\/\/marienmorata.es\/en\/wp-json\/wp\/v2\/comments?post=1781"}],"version-history":[{"count":3,"href":"https:\/\/marienmorata.es\/en\/wp-json\/wp\/v2\/pages\/1781\/revisions"}],"predecessor-version":[{"id":2272,"href":"https:\/\/marienmorata.es\/en\/wp-json\/wp\/v2\/pages\/1781\/revisions\/2272"}],"wp:attachment":[{"href":"https:\/\/marienmorata.es\/en\/wp-json\/wp\/v2\/media?parent=1781"}],"curies":[{"name":"wp","href":"https:\/\/api.w.org\/{rel}","templated":true}]}}